{"id":715,"date":"2024-11-24T17:46:54","date_gmt":"2024-11-24T23:46:54","guid":{"rendered":"https:\/\/mondilanguages.com\/?page_id=715"},"modified":"2026-04-11T11:43:14","modified_gmt":"2026-04-11T17:43:14","slug":"inscribete","status":"publish","type":"page","link":"https:\/\/mondilanguages.com\/?page_id=715","title":{"rendered":"\u00a1Inscr\u00edbete!"},"content":{"rendered":"\t\t<div data-elementor-type=\"wp-page\" data-elementor-id=\"715\" class=\"elementor elementor-715\">\n\t\t\t\t\t\t<section class=\"elementor-section elementor-top-section elementor-element elementor-element-f72cf98 elementor-section-boxed elementor-section-height-default elementor-section-height-default\" data-id=\"f72cf98\" data-element_type=\"section\" data-e-type=\"section\">\n\t\t\t\t\t\t<div class=\"elementor-container elementor-column-gap-default\">\n\t\t\t\t\t<div class=\"elementor-column elementor-col-50 elementor-top-column elementor-element elementor-element-2bd8450\" data-id=\"2bd8450\" data-element_type=\"column\" data-e-type=\"column\">\n\t\t\t<div class=\"elementor-widget-wrap elementor-element-populated\">\n\t\t\t\t\t\t<div class=\"elementor-element elementor-element-3942f70 e-transform elementor-widget elementor-widget-image\" data-id=\"3942f70\" data-element_type=\"widget\" data-e-type=\"widget\" data-settings=\"{&quot;_transform_scale_effect&quot;:{&quot;unit&quot;:&quot;px&quot;,&quot;size&quot;:0.9,&quot;sizes&quot;:[]},&quot;_transform_scale_effect_tablet&quot;:{&quot;unit&quot;:&quot;px&quot;,&quot;size&quot;:1.1,&quot;sizes&quot;:[]},&quot;_transform_scale_effect_mobile&quot;:{&quot;unit&quot;:&quot;px&quot;,&quot;size&quot;:&quot;&quot;,&quot;sizes&quot;:[]}}\" data-widget_type=\"image.default\">\n\t\t\t\t<div class=\"elementor-widget-container\">\n\t\t\t\t\t\t\t\t\t\t\t\t\t\t\t<img fetchpriority=\"high\" decoding=\"async\" width=\"1024\" height=\"606\" src=\"https:\/\/mondilanguages.com\/wp-content\/uploads\/2024\/11\/inscribete-1024x606.png\" class=\"attachment-large size-large wp-image-718\" alt=\"\" srcset=\"https:\/\/mondilanguages.com\/wp-content\/uploads\/2024\/11\/inscribete-1024x606.png 1024w, https:\/\/mondilanguages.com\/wp-content\/uploads\/2024\/11\/inscribete-300x177.png 300w, https:\/\/mondilanguages.com\/wp-content\/uploads\/2024\/11\/inscribete-768x454.png 768w, https:\/\/mondilanguages.com\/wp-content\/uploads\/2024\/11\/inscribete.png 1346w\" sizes=\"(max-width: 1024px) 100vw, 1024px\" \/>\t\t\t\t\t\t\t\t\t\t\t\t\t\t\t<\/div>\n\t\t\t\t<\/div>\n\t\t\t\t<div class=\"elementor-element elementor-element-743171e elementor-widget elementor-widget-text-editor\" data-id=\"743171e\" data-element_type=\"widget\" data-e-type=\"widget\" data-widget_type=\"text-editor.default\">\n\t\t\t\t<div class=\"elementor-widget-container\">\n\t\t\t\t\t\t\t\t\t<p>Cu\u00e9ntanos sobre t\u00ed para empezar a aprender y cumplir tus objetivos ling\u00fc\u00edsticos.\u00a0<\/p>\t\t\t\t\t\t\t\t<\/div>\n\t\t\t\t<\/div>\n\t\t\t\t\t<\/div>\n\t\t<\/div>\n\t\t\t\t<div class=\"elementor-column elementor-col-50 elementor-top-column elementor-element elementor-element-31e7107\" data-id=\"31e7107\" data-element_type=\"column\" data-e-type=\"column\">\n\t\t\t<div class=\"elementor-widget-wrap\">\n\t\t\t\t\t\t\t<\/div>\n\t\t<\/div>\n\t\t\t\t\t<\/div>\n\t\t<\/section>\n\t\t\t\t<section class=\"elementor-section elementor-top-section elementor-element elementor-element-878d327 elementor-section-full_width elementor-section-height-default elementor-section-height-default\" data-id=\"878d327\" data-element_type=\"section\" data-e-type=\"section\">\n\t\t\t\t\t\t<div class=\"elementor-container elementor-column-gap-default\">\n\t\t\t\t\t<div class=\"elementor-column elementor-col-100 elementor-top-column elementor-element elementor-element-516246d\" data-id=\"516246d\" data-element_type=\"column\" data-e-type=\"column\">\n\t\t\t<div class=\"elementor-widget-wrap elementor-element-populated\">\n\t\t\t\t\t\t<div class=\"elementor-element elementor-element-366b6dc elementor-widget elementor-widget-shortcode\" data-id=\"366b6dc\" data-element_type=\"widget\" data-e-type=\"widget\" data-widget_type=\"shortcode.default\">\n\t\t\t\t<div class=\"elementor-widget-container\">\n\t\t\t\t\t\t\t<div class=\"elementor-shortcode\"><div class=\"wpforms-container \" id=\"wpforms-636\"><form id=\"wpforms-form-636\" class=\"wpforms-validate wpforms-form wpforms-ajax-form\" data-formid=\"636\" method=\"post\" enctype=\"multipart\/form-data\" action=\"\/index.php?rest_route=%2Fwp%2Fv2%2Fpages%2F715\" data-token=\"b1c28563a7a8e56e53e6196ca7f4d49d\" data-token-time=\"1776384614\"><noscript class=\"wpforms-error-noscript\">Por favor, activa JavaScript en tu navegador para completar este formulario.<\/noscript><div class=\"wpforms-field-container\"><div id=\"wpforms-636-field_1-container\" class=\"wpforms-field wpforms-field-name\" data-field-id=\"1\"><label class=\"wpforms-field-label\">Nombre <span class=\"wpforms-required-label\">*<\/span><\/label><div class=\"wpforms-field-row wpforms-field-medium\"><div class=\"wpforms-field-row-block wpforms-first wpforms-one-half\"><input type=\"text\" id=\"wpforms-636-field_1\" class=\"wpforms-field-name-first wpforms-field-required\" name=\"wpforms[fields][1][first]\" required><label for=\"wpforms-636-field_1\" class=\"wpforms-field-sublabel after\">Nombre<\/label><\/div><div class=\"wpforms-field-row-block wpforms-one-half\"><input type=\"text\" id=\"wpforms-636-field_1-last\" class=\"wpforms-field-name-last wpforms-field-required\" name=\"wpforms[fields][1][last]\" required><label for=\"wpforms-636-field_1-last\" class=\"wpforms-field-sublabel after\">Apellidos<\/label><\/div><\/div><\/div><div id=\"wpforms-636-field_2-container\" class=\"wpforms-field wpforms-field-email\" data-field-id=\"2\"><label class=\"wpforms-field-label\" for=\"wpforms-636-field_2\">Correo electr\u00f3nico <span class=\"wpforms-required-label\">*<\/span><\/label><input type=\"email\" id=\"wpforms-636-field_2\" class=\"wpforms-field-medium wpforms-field-required\" name=\"wpforms[fields][2]\" spellcheck=\"false\" required><\/div>\t\t<div id=\"wpforms-636-field_11-container\"\n\t\t\tclass=\"wpforms-field wpforms-field-text\"\n\t\t\tdata-field-type=\"text\"\n\t\t\tdata-field-id=\"11\"\n\t\t\t>\n\t\t\t<label class=\"wpforms-field-label\" for=\"wpforms-636-field_11\" >Nombre \u00bfCu\u00e1l \u00bfQu\u00e9<\/label>\n\t\t\t<input type=\"text\" id=\"wpforms-636-field_11\" class=\"wpforms-field-medium\" name=\"wpforms[fields][11]\" >\n\t\t<\/div>\n\t\t<div id=\"wpforms-636-field_3-container\" class=\"wpforms-field wpforms-field-text\" data-field-id=\"3\"><label class=\"wpforms-field-label\" for=\"wpforms-636-field_3\">N\u00famero telef\u00f3nico<\/label><input type=\"text\" id=\"wpforms-636-field_3\" class=\"wpforms-field-medium\" name=\"wpforms[fields][3]\" ><\/div><div id=\"wpforms-636-field_4-container\" class=\"wpforms-field wpforms-field-text\" data-field-id=\"4\"><label class=\"wpforms-field-label\" for=\"wpforms-636-field_4\">\u00bfCu\u00e1l es tu pa\u00eds de residencia? <\/label><input type=\"text\" id=\"wpforms-636-field_4\" class=\"wpforms-field-medium\" name=\"wpforms[fields][4]\" ><\/div><div id=\"wpforms-636-field_5-container\" class=\"wpforms-field wpforms-field-select wpforms-field-select-style-classic\" data-field-id=\"5\"><label class=\"wpforms-field-label\" for=\"wpforms-636-field_5\">\u00bfQu\u00e9 idioma te interesa aprender?<\/label><select id=\"wpforms-636-field_5\" class=\"wpforms-field-medium\" name=\"wpforms[fields][5]\"><option value=\"Ingl\u00e9s\"  class=\"choice-1 depth-1\"  >Ingl\u00e9s<\/option><option value=\"Italiano\"  class=\"choice-2 depth-1\"  >Italiano<\/option><option value=\"Franc\u00e9s\"  class=\"choice-3 depth-1\"  >Franc\u00e9s<\/option><option value=\"Portugu\u00e9s\"  class=\"choice-4 depth-1\"  >Portugu\u00e9s<\/option><option value=\"Alem\u00e1n\"  class=\"choice-5 depth-1\"  >Alem\u00e1n<\/option><option value=\"Espa\u00f1ol\"  class=\"choice-6 depth-1\"  >Espa\u00f1ol<\/option><\/select><\/div><div id=\"wpforms-636-field_6-container\" class=\"wpforms-field wpforms-field-select wpforms-field-select-style-classic\" data-field-id=\"6\"><label class=\"wpforms-field-label\" for=\"wpforms-636-field_6\">\u00bfCu\u00e1l es tu nivel actual?<\/label><select id=\"wpforms-636-field_6\" class=\"wpforms-field-medium\" name=\"wpforms[fields][6]\"><option value=\"Principiante\"  class=\"choice-1 depth-1\"  >Principiante<\/option><option value=\"Intermedio\"  class=\"choice-2 depth-1\"  >Intermedio<\/option><option value=\"Avanzado\"  class=\"choice-3 depth-1\"  >Avanzado<\/option><option value=\"No estoy seguro\/a\"  class=\"choice-4 depth-1\"  >No estoy seguro\/a<\/option><\/select><\/div><div id=\"wpforms-636-field_7-container\" class=\"wpforms-field wpforms-field-text\" data-field-id=\"7\"><label class=\"wpforms-field-label\" for=\"wpforms-636-field_7\">Plat\u00edcanos sobre tus objetivos<\/label><input type=\"text\" id=\"wpforms-636-field_7\" class=\"wpforms-field-medium\" name=\"wpforms[fields][7]\" ><\/div><div id=\"wpforms-636-field_10-container\" class=\"wpforms-field wpforms-field-select wpforms-field-select-style-classic\" data-field-id=\"10\"><label class=\"wpforms-field-label\" for=\"wpforms-636-field_10\">\u00bfQu\u00e9 tipo de clase prefieres?<\/label><select id=\"wpforms-636-field_10\" class=\"wpforms-field-medium\" name=\"wpforms[fields][10]\"><option value=\"Individuales\"  class=\"choice-1 depth-1\"  >Individuales<\/option><option value=\"Grupales\"  class=\"choice-2 depth-1\"  >Grupales<\/option><\/select><\/div><div id=\"wpforms-636-field_8-container\" class=\"wpforms-field wpforms-field-select wpforms-field-select-style-classic\" data-field-id=\"8\"><label class=\"wpforms-field-label\" for=\"wpforms-636-field_8\">\u00bfEn qu\u00e9 horario prefieres aprender?<\/label><select id=\"wpforms-636-field_8\" class=\"wpforms-field-medium\" name=\"wpforms[fields][8]\"><option value=\"Ma\u00f1ana\"  class=\"choice-1 depth-1\"  >Ma\u00f1ana<\/option><option value=\"Tarde\"  class=\"choice-2 depth-1\"  >Tarde<\/option><option value=\"Noche\"  class=\"choice-3 depth-1\"  >Noche<\/option><option value=\"Horario flexible\"  class=\"choice-4 depth-1\"  >Horario flexible<\/option><\/select><\/div><div id=\"wpforms-636-field_9-container\" class=\"wpforms-field wpforms-field-select wpforms-field-select-style-classic\" data-field-id=\"9\"><label class=\"wpforms-field-label\" for=\"wpforms-636-field_9\">Prefieres que te contactemos en...<\/label><select id=\"wpforms-636-field_9\" class=\"wpforms-field-medium\" name=\"wpforms[fields][9]\"><option value=\"WhatsApp\"  class=\"choice-1 depth-1\"  >WhatsApp<\/option><option value=\"Correo Elctr\u00f3nico\"  class=\"choice-2 depth-1\"  >Correo Elctr\u00f3nico<\/option><\/select><\/div><script>\n\t\t\t\t( function() {\n\t\t\t\t\tconst style = document.createElement( 'style' );\n\t\t\t\t\tstyle.appendChild( document.createTextNode( '#wpforms-636-field_11-container { position: absolute !important; overflow: hidden !important; display: inline !important; height: 1px !important; width: 1px !important; z-index: -1000 !important; padding: 0 !important; } #wpforms-636-field_11-container input { visibility: hidden; } #wpforms-conversational-form-page #wpforms-636-field_11-container label { counter-increment: none; }' ) );\n\t\t\t\t\tdocument.head.appendChild( style );\n\t\t\t\t\tdocument.currentScript?.remove();\n\t\t\t\t} )();\n\t\t\t<\/script><\/div><!-- .wpforms-field-container --><div class=\"wpforms-submit-container\" ><input type=\"hidden\" name=\"wpforms[id]\" value=\"636\"><input type=\"hidden\" name=\"page_title\" value=\"\"><input type=\"hidden\" name=\"page_url\" value=\"https:\/\/mondilanguages.com\/index.php?rest_route=\/wp\/v2\/pages\/715\"><input type=\"hidden\" name=\"url_referer\" value=\"\"><button type=\"submit\" name=\"wpforms[submit]\" id=\"wpforms-submit-636\" class=\"wpforms-submit\" data-alt-text=\"Enviando...\" data-submit-text=\"Enviar\" aria-live=\"assertive\" value=\"wpforms-submit\">Enviar<\/button><img decoding=\"async\" src=\"https:\/\/mondilanguages.com\/wp-content\/plugins\/wpforms-lite\/assets\/images\/submit-spin.svg\" class=\"wpforms-submit-spinner\" style=\"display: none;\" width=\"26\" height=\"26\" alt=\"Cargando\"><\/div><\/form><\/div>  <!-- .wpforms-container --><\/div>\n\t\t\t\t\t\t<\/div>\n\t\t\t\t<\/div>\n\t\t\t\t\t<\/div>\n\t\t<\/div>\n\t\t\t\t\t<\/div>\n\t\t<\/section>\n\t\t\t\t<\/div>\n\t\t","protected":false},"excerpt":{"rendered":"<p>Cu\u00e9ntanos sobre t\u00ed para empezar a aprender y cumplir tus objetivos ling\u00fc\u00edsticos.\u00a0<\/p>\n","protected":false},"author":1,"featured_media":0,"parent":0,"menu_order":0,"comment_status":"closed","ping_status":"closed","template":"","meta":{"om_disable_all_campaigns":false,"_monsterinsights_skip_tracking":false,"_monsterinsights_sitenote_active":false,"_monsterinsights_sitenote_note":"","_monsterinsights_sitenote_category":0,"footnotes":""},"class_list":["post-715","page","type-page","status-publish","hentry"],"blocksy_meta":[],"aioseo_notices":[],"_links":{"self":[{"href":"https:\/\/mondilanguages.com\/index.php?rest_route=\/wp\/v2\/pages\/715","targetHints":{"allow":["GET"]}}],"collection":[{"href":"https:\/\/mondilanguages.com\/index.php?rest_route=\/wp\/v2\/pages"}],"about":[{"href":"https:\/\/mondilanguages.com\/index.php?rest_route=\/wp\/v2\/types\/page"}],"author":[{"embeddable":true,"href":"https:\/\/mondilanguages.com\/index.php?rest_route=\/wp\/v2\/users\/1"}],"replies":[{"embeddable":true,"href":"https:\/\/mondilanguages.com\/index.php?rest_route=%2Fwp%2Fv2%2Fcomments&post=715"}],"version-history":[{"count":13,"href":"https:\/\/mondilanguages.com\/index.php?rest_route=\/wp\/v2\/pages\/715\/revisions"}],"predecessor-version":[{"id":1516,"href":"https:\/\/mondilanguages.com\/index.php?rest_route=\/wp\/v2\/pages\/715\/revisions\/1516"}],"wp:attachment":[{"href":"https:\/\/mondilanguages.com\/index.php?rest_route=%2Fwp%2Fv2%2Fmedia&parent=715"}],"curies":[{"name":"wp","href":"https:\/\/api.w.org\/{rel}","templated":true}]}}