{"id":1325,"date":"2025-01-16T17:21:16","date_gmt":"2025-01-16T23:21:16","guid":{"rendered":"https:\/\/mondilanguages.com\/?page_id=1325"},"modified":"2026-04-12T03:58:18","modified_gmt":"2026-04-12T09:58:18","slug":"recursos-portugues","status":"publish","type":"page","link":"https:\/\/mondilanguages.com\/?page_id=1325","title":{"rendered":"Recursos portugu\u00e9s"},"content":{"rendered":"\t\t<div data-elementor-type=\"wp-page\" data-elementor-id=\"1325\" class=\"elementor elementor-1325\">\n\t\t\t\t\t\t<section class=\"elementor-section elementor-top-section elementor-element elementor-element-9871f22 elementor-section-boxed elementor-section-height-default elementor-section-height-default\" data-id=\"9871f22\" data-element_type=\"section\" data-e-type=\"section\">\n\t\t\t\t\t\t<div class=\"elementor-container elementor-column-gap-default\">\n\t\t\t\t\t<div class=\"elementor-column elementor-col-100 elementor-top-column elementor-element elementor-element-2a8bff8\" data-id=\"2a8bff8\" data-element_type=\"column\" data-e-type=\"column\">\n\t\t\t<div class=\"elementor-widget-wrap elementor-element-populated\">\n\t\t\t\t\t\t<div class=\"elementor-element elementor-element-68e40bb e-transform elementor-widget elementor-widget-image\" data-id=\"68e40bb\" data-element_type=\"widget\" data-e-type=\"widget\" data-settings=\"{&quot;_transform_scale_effect&quot;:{&quot;unit&quot;:&quot;px&quot;,&quot;size&quot;:0.5,&quot;sizes&quot;:[]},&quot;_transform_scale_effect_tablet&quot;:{&quot;unit&quot;:&quot;px&quot;,&quot;size&quot;:&quot;&quot;,&quot;sizes&quot;:[]},&quot;_transform_scale_effect_mobile&quot;:{&quot;unit&quot;:&quot;px&quot;,&quot;size&quot;:&quot;&quot;,&quot;sizes&quot;:[]}}\" data-widget_type=\"image.default\">\n\t\t\t\t<div class=\"elementor-widget-container\">\n\t\t\t\t\t\t\t\t\t\t\t\t\t\t\t<img fetchpriority=\"high\" decoding=\"async\" width=\"807\" height=\"387\" src=\"https:\/\/mondilanguages.com\/wp-content\/uploads\/2025\/01\/recursosportugues.png\" class=\"attachment-large size-large wp-image-1328\" alt=\"\" srcset=\"https:\/\/mondilanguages.com\/wp-content\/uploads\/2025\/01\/recursosportugues.png 807w, https:\/\/mondilanguages.com\/wp-content\/uploads\/2025\/01\/recursosportugues-300x144.png 300w, https:\/\/mondilanguages.com\/wp-content\/uploads\/2025\/01\/recursosportugues-768x368.png 768w\" sizes=\"(max-width: 807px) 100vw, 807px\" \/>\t\t\t\t\t\t\t\t\t\t\t\t\t\t\t<\/div>\n\t\t\t\t<\/div>\n\t\t\t\t<div class=\"elementor-element elementor-element-e3186b4 e-transform elementor-widget elementor-widget-image\" data-id=\"e3186b4\" data-element_type=\"widget\" data-e-type=\"widget\" data-settings=\"{&quot;_transform_scale_effect&quot;:{&quot;unit&quot;:&quot;px&quot;,&quot;size&quot;:0.7,&quot;sizes&quot;:[]},&quot;_transform_scale_effect_tablet&quot;:{&quot;unit&quot;:&quot;px&quot;,&quot;size&quot;:&quot;&quot;,&quot;sizes&quot;:[]},&quot;_transform_scale_effect_mobile&quot;:{&quot;unit&quot;:&quot;px&quot;,&quot;size&quot;:&quot;&quot;,&quot;sizes&quot;:[]}}\" data-widget_type=\"image.default\">\n\t\t\t\t<div class=\"elementor-widget-container\">\n\t\t\t\t\t\t\t\t\t\t\t\t\t\t\t<img decoding=\"async\" width=\"150\" height=\"150\" src=\"https:\/\/mondilanguages.com\/wp-content\/uploads\/2025\/01\/banderabrasil-150x150.png\" class=\"attachment-thumbnail size-thumbnail wp-image-1011\" alt=\"\" \/>\t\t\t\t\t\t\t\t\t\t\t\t\t\t\t<\/div>\n\t\t\t\t<\/div>\n\t\t\t\t<div class=\"elementor-element elementor-element-39e5456 elementor-widget elementor-widget-heading\" data-id=\"39e5456\" data-element_type=\"widget\" data-e-type=\"widget\" data-widget_type=\"heading.default\">\n\t\t\t\t<div class=\"elementor-widget-container\">\n\t\t\t\t\t<h2 class=\"elementor-heading-title elementor-size-default\">LIBROS<\/h2>\t\t\t\t<\/div>\n\t\t\t\t<\/div>\n\t\t\t\t\t<\/div>\n\t\t<\/div>\n\t\t\t\t\t<\/div>\n\t\t<\/section>\n\t\t\t\t<section class=\"elementor-section elementor-top-section elementor-element elementor-element-a586e3d elementor-section-boxed elementor-section-height-default elementor-section-height-default\" data-id=\"a586e3d\" data-element_type=\"section\" data-e-type=\"section\">\n\t\t\t\t\t\t<div class=\"elementor-container elementor-column-gap-default\">\n\t\t\t\t\t<div class=\"elementor-column elementor-col-20 elementor-top-column elementor-element elementor-element-3f41b88\" data-id=\"3f41b88\" data-element_type=\"column\" data-e-type=\"column\">\n\t\t\t<div class=\"elementor-widget-wrap elementor-element-populated\">\n\t\t\t\t\t\t<div class=\"elementor-element elementor-element-bc6b264 elementor-widget elementor-widget-image\" data-id=\"bc6b264\" data-element_type=\"widget\" data-e-type=\"widget\" data-widget_type=\"image.default\">\n\t\t\t\t<div class=\"elementor-widget-container\">\n\t\t\t\t\t\t\t\t\t\t\t\t\t\t\t\t<a href=\"https:\/\/drive.google.com\/file\/d\/1acod4NA6725xV5mC8G9TlFVmev6FmL2y\/view?usp=sharing\">\n\t\t\t\t\t\t\t<img decoding=\"async\" width=\"697\" height=\"1000\" src=\"https:\/\/mondilanguages.com\/wp-content\/uploads\/2025\/01\/pinoquio.jpg\" class=\"attachment-large size-large wp-image-1329\" alt=\"\" srcset=\"https:\/\/mondilanguages.com\/wp-content\/uploads\/2025\/01\/pinoquio.jpg 697w, https:\/\/mondilanguages.com\/wp-content\/uploads\/2025\/01\/pinoquio-209x300.jpg 209w\" sizes=\"(max-width: 697px) 100vw, 697px\" \/>\t\t\t\t\t\t\t\t<\/a>\n\t\t\t\t\t\t\t\t\t\t\t\t\t\t\t<\/div>\n\t\t\t\t<\/div>\n\t\t\t\t<div class=\"elementor-element elementor-element-a0fe1a4 elementor-widget elementor-widget-text-editor\" data-id=\"a0fe1a4\" data-element_type=\"widget\" data-e-type=\"widget\" data-widget_type=\"text-editor.default\">\n\t\t\t\t<div class=\"elementor-widget-container\">\n\t\t\t\t\t\t\t\t\t<p><a href=\"https:\/\/drive.google.com\/file\/d\/1acod4NA6725xV5mC8G9TlFVmev6FmL2y\/view?usp=sharing\">As Aventuras Do Pin\u00f3quio: Carlo Collodi<\/a><\/p>\t\t\t\t\t\t\t\t<\/div>\n\t\t\t\t<\/div>\n\t\t\t\t\t<\/div>\n\t\t<\/div>\n\t\t\t\t<div class=\"elementor-column elementor-col-20 elementor-top-column elementor-element elementor-element-215f9e7\" data-id=\"215f9e7\" data-element_type=\"column\" data-e-type=\"column\">\n\t\t\t<div class=\"elementor-widget-wrap elementor-element-populated\">\n\t\t\t\t\t\t<div class=\"elementor-element elementor-element-15c8a72 elementor-widget elementor-widget-image\" data-id=\"15c8a72\" data-element_type=\"widget\" data-e-type=\"widget\" data-widget_type=\"image.default\">\n\t\t\t\t<div class=\"elementor-widget-container\">\n\t\t\t\t\t\t\t\t\t\t\t\t\t\t\t\t<a href=\"https:\/\/drive.google.com\/file\/d\/1MBCPCVPA6lh4IYu8EMSIThfF6lIwhqhL\/view?usp=sharing\">\n\t\t\t\t\t\t\t<img loading=\"lazy\" decoding=\"async\" width=\"686\" height=\"1000\" src=\"https:\/\/mondilanguages.com\/wp-content\/uploads\/2025\/01\/cinco.jpg\" class=\"attachment-large size-large wp-image-1333\" alt=\"\" srcset=\"https:\/\/mondilanguages.com\/wp-content\/uploads\/2025\/01\/cinco.jpg 686w, https:\/\/mondilanguages.com\/wp-content\/uploads\/2025\/01\/cinco-206x300.jpg 206w\" sizes=\"(max-width: 686px) 100vw, 686px\" \/>\t\t\t\t\t\t\t\t<\/a>\n\t\t\t\t\t\t\t\t\t\t\t\t\t\t\t<\/div>\n\t\t\t\t<\/div>\n\t\t\t\t<div class=\"elementor-element elementor-element-9383ff4 elementor-widget elementor-widget-text-editor\" data-id=\"9383ff4\" data-element_type=\"widget\" data-e-type=\"widget\" data-widget_type=\"text-editor.default\">\n\t\t\t\t<div class=\"elementor-widget-container\">\n\t\t\t\t\t\t\t\t\t<p><a href=\"https:\/\/drive.google.com\/file\/d\/1MBCPCVPA6lh4IYu8EMSIThfF6lIwhqhL\/view?usp=sharing\">Cinco crian\u00e7as e um segredo: Edith Nesbit<\/a><\/p>\t\t\t\t\t\t\t\t<\/div>\n\t\t\t\t<\/div>\n\t\t\t\t\t<\/div>\n\t\t<\/div>\n\t\t\t\t<div class=\"elementor-column elementor-col-20 elementor-top-column elementor-element elementor-element-fc4fc2f\" data-id=\"fc4fc2f\" data-element_type=\"column\" data-e-type=\"column\">\n\t\t\t<div class=\"elementor-widget-wrap elementor-element-populated\">\n\t\t\t\t\t\t<div class=\"elementor-element elementor-element-f7c7af3 elementor-widget elementor-widget-image\" data-id=\"f7c7af3\" data-element_type=\"widget\" data-e-type=\"widget\" data-widget_type=\"image.default\">\n\t\t\t\t<div class=\"elementor-widget-container\">\n\t\t\t\t\t\t\t\t\t\t\t\t\t\t\t\t<a href=\"https:\/\/drive.google.com\/file\/d\/111mRQbb7G9rA560dod9SAYPAKjDe2Ok0\/view?usp=sharing\">\n\t\t\t\t\t\t\t<img loading=\"lazy\" decoding=\"async\" width=\"658\" height=\"1000\" src=\"https:\/\/mondilanguages.com\/wp-content\/uploads\/2025\/01\/MULHERZINHAS.jpg\" class=\"attachment-large size-large wp-image-1337\" alt=\"\" srcset=\"https:\/\/mondilanguages.com\/wp-content\/uploads\/2025\/01\/MULHERZINHAS.jpg 658w, https:\/\/mondilanguages.com\/wp-content\/uploads\/2025\/01\/MULHERZINHAS-197x300.jpg 197w\" sizes=\"(max-width: 658px) 100vw, 658px\" \/>\t\t\t\t\t\t\t\t<\/a>\n\t\t\t\t\t\t\t\t\t\t\t\t\t\t\t<\/div>\n\t\t\t\t<\/div>\n\t\t\t\t<div class=\"elementor-element elementor-element-3d5a2e6 elementor-widget elementor-widget-text-editor\" data-id=\"3d5a2e6\" data-element_type=\"widget\" data-e-type=\"widget\" data-widget_type=\"text-editor.default\">\n\t\t\t\t<div class=\"elementor-widget-container\">\n\t\t\t\t\t\t\t\t\t<p><a href=\"https:\/\/drive.google.com\/file\/d\/111mRQbb7G9rA560dod9SAYPAKjDe2Ok0\/view?usp=sharing\">Mulherzinhas: Louisa May Alcott<\/a><\/p>\t\t\t\t\t\t\t\t<\/div>\n\t\t\t\t<\/div>\n\t\t\t\t\t<\/div>\n\t\t<\/div>\n\t\t\t\t<div class=\"elementor-column elementor-col-20 elementor-top-column elementor-element elementor-element-210b45d\" data-id=\"210b45d\" data-element_type=\"column\" data-e-type=\"column\">\n\t\t\t<div class=\"elementor-widget-wrap elementor-element-populated\">\n\t\t\t\t\t\t<div class=\"elementor-element elementor-element-0e87cc2 elementor-widget elementor-widget-image\" data-id=\"0e87cc2\" data-element_type=\"widget\" data-e-type=\"widget\" data-widget_type=\"image.default\">\n\t\t\t\t<div class=\"elementor-widget-container\">\n\t\t\t\t\t\t\t\t\t\t\t\t\t\t\t\t<a href=\"https:\/\/drive.google.com\/file\/d\/1KebPBQ5D82qZ77bckuHTsYc27k9m9JcC\/view?usp=sharing\">\n\t\t\t\t\t\t\t<img loading=\"lazy\" decoding=\"async\" width=\"663\" height=\"1000\" src=\"https:\/\/mondilanguages.com\/wp-content\/uploads\/2025\/01\/quijote.jpg\" class=\"attachment-large size-large wp-image-1344\" alt=\"\" srcset=\"https:\/\/mondilanguages.com\/wp-content\/uploads\/2025\/01\/quijote.jpg 663w, https:\/\/mondilanguages.com\/wp-content\/uploads\/2025\/01\/quijote-199x300.jpg 199w\" sizes=\"(max-width: 663px) 100vw, 663px\" \/>\t\t\t\t\t\t\t\t<\/a>\n\t\t\t\t\t\t\t\t\t\t\t\t\t\t\t<\/div>\n\t\t\t\t<\/div>\n\t\t\t\t<div class=\"elementor-element elementor-element-21c9621 elementor-widget elementor-widget-text-editor\" data-id=\"21c9621\" data-element_type=\"widget\" data-e-type=\"widget\" data-widget_type=\"text-editor.default\">\n\t\t\t\t<div class=\"elementor-widget-container\">\n\t\t\t\t\t\t\t\t\t<p><a href=\"https:\/\/drive.google.com\/file\/d\/1KebPBQ5D82qZ77bckuHTsYc27k9m9JcC\/view?usp=sharing\">O Engenhoso Fidalgo Dom Quixote de La Mancha: Miguel de Cervantes Saavedra<\/a><\/p>\t\t\t\t\t\t\t\t<\/div>\n\t\t\t\t<\/div>\n\t\t\t\t\t<\/div>\n\t\t<\/div>\n\t\t\t\t<div class=\"elementor-column elementor-col-20 elementor-top-column elementor-element elementor-element-ce9de5c\" data-id=\"ce9de5c\" data-element_type=\"column\" data-e-type=\"column\">\n\t\t\t<div class=\"elementor-widget-wrap elementor-element-populated\">\n\t\t\t\t\t\t<div class=\"elementor-element elementor-element-71713d3 elementor-widget elementor-widget-image\" data-id=\"71713d3\" data-element_type=\"widget\" data-e-type=\"widget\" data-widget_type=\"image.default\">\n\t\t\t\t<div class=\"elementor-widget-container\">\n\t\t\t\t\t\t\t\t\t\t\t\t\t\t\t\t<a href=\"https:\/\/drive.google.com\/file\/d\/1FERIUYzjeVBjcrS0KipvmRdB2u5v07g7\/view?usp=sharing\">\n\t\t\t\t\t\t\t<img loading=\"lazy\" decoding=\"async\" width=\"698\" height=\"1024\" src=\"https:\/\/mondilanguages.com\/wp-content\/uploads\/2025\/01\/a-volta-ao-mondo--698x1024.jpg\" class=\"attachment-large size-large wp-image-1348\" alt=\"\" srcset=\"https:\/\/mondilanguages.com\/wp-content\/uploads\/2025\/01\/a-volta-ao-mondo--698x1024.jpg 698w, https:\/\/mondilanguages.com\/wp-content\/uploads\/2025\/01\/a-volta-ao-mondo--204x300.jpg 204w, https:\/\/mondilanguages.com\/wp-content\/uploads\/2025\/01\/a-volta-ao-mondo--768x1127.jpg 768w, https:\/\/mondilanguages.com\/wp-content\/uploads\/2025\/01\/a-volta-ao-mondo--1047x1536.jpg 1047w, https:\/\/mondilanguages.com\/wp-content\/uploads\/2025\/01\/a-volta-ao-mondo--1396x2048.jpg 1396w, https:\/\/mondilanguages.com\/wp-content\/uploads\/2025\/01\/a-volta-ao-mondo-.jpg 1600w\" sizes=\"(max-width: 698px) 100vw, 698px\" \/>\t\t\t\t\t\t\t\t<\/a>\n\t\t\t\t\t\t\t\t\t\t\t\t\t\t\t<\/div>\n\t\t\t\t<\/div>\n\t\t\t\t<div class=\"elementor-element elementor-element-cf0634e elementor-widget elementor-widget-text-editor\" data-id=\"cf0634e\" data-element_type=\"widget\" data-e-type=\"widget\" data-widget_type=\"text-editor.default\">\n\t\t\t\t<div class=\"elementor-widget-container\">\n\t\t\t\t\t\t\t\t\t<p><a href=\"https:\/\/drive.google.com\/file\/d\/1FERIUYzjeVBjcrS0KipvmRdB2u5v07g7\/view?usp=sharing\">A Volta Ao Mundo Em 80 D\u00edas: Julio Verne<\/a><\/p>\t\t\t\t\t\t\t\t<\/div>\n\t\t\t\t<\/div>\n\t\t\t\t\t<\/div>\n\t\t<\/div>\n\t\t\t\t\t<\/div>\n\t\t<\/section>\n\t\t\t\t<section class=\"elementor-section elementor-top-section elementor-element elementor-element-6d7c70c elementor-section-boxed elementor-section-height-default elementor-section-height-default\" data-id=\"6d7c70c\" data-element_type=\"section\" data-e-type=\"section\">\n\t\t\t\t\t\t<div class=\"elementor-container elementor-column-gap-default\">\n\t\t\t\t\t<div class=\"elementor-column elementor-col-100 elementor-top-column elementor-element elementor-element-1f57de7\" data-id=\"1f57de7\" data-element_type=\"column\" data-e-type=\"column\">\n\t\t\t<div class=\"elementor-widget-wrap elementor-element-populated\">\n\t\t\t\t\t\t<div class=\"elementor-element elementor-element-01d89ee elementor-widget elementor-widget-heading\" data-id=\"01d89ee\" data-element_type=\"widget\" data-e-type=\"widget\" data-widget_type=\"heading.default\">\n\t\t\t\t<div class=\"elementor-widget-container\">\n\t\t\t\t\t<h2 class=\"elementor-heading-title elementor-size-default\">APRENDE CON M\u00daSICA<\/h2>\t\t\t\t<\/div>\n\t\t\t\t<\/div>\n\t\t\t\t\t<\/div>\n\t\t<\/div>\n\t\t\t\t\t<\/div>\n\t\t<\/section>\n\t\t\t\t<section class=\"elementor-section elementor-top-section elementor-element elementor-element-54fba4c elementor-section-boxed elementor-section-height-default elementor-section-height-default\" data-id=\"54fba4c\" data-element_type=\"section\" data-e-type=\"section\">\n\t\t\t\t\t\t<div class=\"elementor-container elementor-column-gap-default\">\n\t\t\t\t\t<div class=\"elementor-column elementor-col-100 elementor-top-column elementor-element elementor-element-d364d04\" data-id=\"d364d04\" data-element_type=\"column\" data-e-type=\"column\">\n\t\t\t<div class=\"elementor-widget-wrap elementor-element-populated\">\n\t\t\t\t\t\t<div class=\"elementor-element elementor-element-27f49c8 elementor-widget elementor-widget-html\" data-id=\"27f49c8\" data-element_type=\"widget\" data-e-type=\"widget\" data-widget_type=\"html.default\">\n\t\t\t\t<div class=\"elementor-widget-container\">\n\t\t\t\t\t<iframe style=\"border-radius:12px\" src=\"https:\/\/open.spotify.com\/embed\/playlist\/485aZtmkew7pHgxVgZZpsa?utm_source=generator\" width=\"100%\" height=\"352\" frameBorder=\"0\" allowfullscreen=\"\" allow=\"autoplay; clipboard-write; encrypted-media; fullscreen; picture-in-picture\" loading=\"lazy\"><\/iframe>\t\t\t\t<\/div>\n\t\t\t\t<\/div>\n\t\t\t\t\t<\/div>\n\t\t<\/div>\n\t\t\t\t\t<\/div>\n\t\t<\/section>\n\t\t\t\t<section class=\"elementor-section elementor-top-section elementor-element elementor-element-7bd1a1e elementor-section-boxed elementor-section-height-default elementor-section-height-default\" data-id=\"7bd1a1e\" data-element_type=\"section\" data-e-type=\"section\">\n\t\t\t\t\t\t<div class=\"elementor-container elementor-column-gap-default\">\n\t\t\t\t\t<div class=\"elementor-column elementor-col-100 elementor-top-column elementor-element elementor-element-be05b7f\" data-id=\"be05b7f\" data-element_type=\"column\" data-e-type=\"column\">\n\t\t\t<div class=\"elementor-widget-wrap elementor-element-populated\">\n\t\t\t\t\t\t<div class=\"elementor-element elementor-element-7801701 elementor-align-center elementor-mobile-align-center e-transform elementor-widget elementor-widget-button\" data-id=\"7801701\" data-element_type=\"widget\" data-e-type=\"widget\" data-settings=\"{&quot;_transform_scale_effect_mobile&quot;:{&quot;unit&quot;:&quot;px&quot;,&quot;size&quot;:0.6,&quot;sizes&quot;:[]},&quot;_transform_scale_effect&quot;:{&quot;unit&quot;:&quot;px&quot;,&quot;size&quot;:&quot;&quot;,&quot;sizes&quot;:[]},&quot;_transform_scale_effect_tablet&quot;:{&quot;unit&quot;:&quot;px&quot;,&quot;size&quot;:&quot;&quot;,&quot;sizes&quot;:[]}}\" data-widget_type=\"button.default\">\n\t\t\t\t<div class=\"elementor-widget-container\">\n\t\t\t\t\t\t\t\t\t<div class=\"elementor-button-wrapper\">\n\t\t\t\t\t<a class=\"elementor-button elementor-button-link elementor-size-sm\" href=\"https:\/\/calendly.com\/mondi-languages\/30min\" target=\"_blank\">\n\t\t\t\t\t\t<span class=\"elementor-button-content-wrapper\">\n\t\t\t\t\t\t\t\t\t<span class=\"elementor-button-text\">RESERVA UNA ASESOR\u00cdA GRATUITA<\/span>\n\t\t\t\t\t<\/span>\n\t\t\t\t\t<\/a>\n\t\t\t\t<\/div>\n\t\t\t\t\t\t\t\t<\/div>\n\t\t\t\t<\/div>\n\t\t\t\t\t<\/div>\n\t\t<\/div>\n\t\t\t\t\t<\/div>\n\t\t<\/section>\n\t\t\t\t<\/div>\n\t\t","protected":false},"excerpt":{"rendered":"<p>LIBROS As Aventuras Do Pin\u00f3quio: Carlo Collodi Cinco crian\u00e7as e um segredo: Edith Nesbit Mulherzinhas: Louisa May Alcott O Engenhoso Fidalgo Dom Quixote de La Mancha: Miguel de Cervantes Saavedra A Volta Ao Mundo Em 80 D\u00edas: Julio Verne APRENDE CON M\u00daSICA RESERVA UNA ASESOR\u00cdA GRATUITA<\/p>\n","protected":false},"author":1,"featured_media":0,"parent":0,"menu_order":0,"comment_status":"closed","ping_status":"closed","template":"","meta":{"om_disable_all_campaigns":false,"_monsterinsights_skip_tracking":false,"_monsterinsights_sitenote_active":false,"_monsterinsights_sitenote_note":"","_monsterinsights_sitenote_category":0,"footnotes":""},"class_list":["post-1325","page","type-page","status-publish","hentry"],"blocksy_meta":[],"aioseo_notices":[],"_links":{"self":[{"href":"https:\/\/mondilanguages.com\/index.php?rest_route=\/wp\/v2\/pages\/1325","targetHints":{"allow":["GET"]}}],"collection":[{"href":"https:\/\/mondilanguages.com\/index.php?rest_route=\/wp\/v2\/pages"}],"about":[{"href":"https:\/\/mondilanguages.com\/index.php?rest_route=\/wp\/v2\/types\/page"}],"author":[{"embeddable":true,"href":"https:\/\/mondilanguages.com\/index.php?rest_route=\/wp\/v2\/users\/1"}],"replies":[{"embeddable":true,"href":"https:\/\/mondilanguages.com\/index.php?rest_route=%2Fwp%2Fv2%2Fcomments&post=1325"}],"version-history":[{"count":31,"href":"https:\/\/mondilanguages.com\/index.php?rest_route=\/wp\/v2\/pages\/1325\/revisions"}],"predecessor-version":[{"id":1844,"href":"https:\/\/mondilanguages.com\/index.php?rest_route=\/wp\/v2\/pages\/1325\/revisions\/1844"}],"wp:attachment":[{"href":"https:\/\/mondilanguages.com\/index.php?rest_route=%2Fwp%2Fv2%2Fmedia&parent=1325"}],"curies":[{"name":"wp","href":"https:\/\/api.w.org\/{rel}","templated":true}]}}