{"id":1127,"date":"2025-01-15T14:36:46","date_gmt":"2025-01-15T20:36:46","guid":{"rendered":"https:\/\/mondilanguages.com\/?page_id=1127"},"modified":"2026-04-12T04:19:51","modified_gmt":"2026-04-12T10:19:51","slug":"recursos-espanol","status":"publish","type":"page","link":"https:\/\/mondilanguages.com\/?page_id=1127","title":{"rendered":"Recursos espa\u00f1ol"},"content":{"rendered":"\t\t<div data-elementor-type=\"wp-page\" data-elementor-id=\"1127\" class=\"elementor elementor-1127\">\n\t\t\t\t\t\t<section class=\"elementor-section elementor-top-section elementor-element elementor-element-0814ff7 elementor-section-boxed elementor-section-height-default elementor-section-height-default\" data-id=\"0814ff7\" data-element_type=\"section\" data-e-type=\"section\">\n\t\t\t\t\t\t<div class=\"elementor-container elementor-column-gap-default\">\n\t\t\t\t\t<div class=\"elementor-column elementor-col-100 elementor-top-column elementor-element elementor-element-b334e82\" data-id=\"b334e82\" data-element_type=\"column\" data-e-type=\"column\">\n\t\t\t<div class=\"elementor-widget-wrap elementor-element-populated\">\n\t\t\t\t\t\t<div class=\"elementor-element elementor-element-ac620e2 e-transform elementor-widget elementor-widget-image\" data-id=\"ac620e2\" data-element_type=\"widget\" data-e-type=\"widget\" data-settings=\"{&quot;_transform_scale_effect&quot;:{&quot;unit&quot;:&quot;px&quot;,&quot;size&quot;:0.5,&quot;sizes&quot;:[]},&quot;_transform_scale_effect_tablet&quot;:{&quot;unit&quot;:&quot;px&quot;,&quot;size&quot;:&quot;&quot;,&quot;sizes&quot;:[]},&quot;_transform_scale_effect_mobile&quot;:{&quot;unit&quot;:&quot;px&quot;,&quot;size&quot;:&quot;&quot;,&quot;sizes&quot;:[]}}\" data-widget_type=\"image.default\">\n\t\t\t\t<div class=\"elementor-widget-container\">\n\t\t\t\t\t\t\t\t\t\t\t\t\t\t\t<img fetchpriority=\"high\" decoding=\"async\" width=\"716\" height=\"380\" src=\"https:\/\/mondilanguages.com\/wp-content\/uploads\/2025\/01\/espanolrecursos.png\" class=\"attachment-large size-large wp-image-1133\" alt=\"\" srcset=\"https:\/\/mondilanguages.com\/wp-content\/uploads\/2025\/01\/espanolrecursos.png 716w, https:\/\/mondilanguages.com\/wp-content\/uploads\/2025\/01\/espanolrecursos-300x159.png 300w\" sizes=\"(max-width: 716px) 100vw, 716px\" \/>\t\t\t\t\t\t\t\t\t\t\t\t\t\t\t<\/div>\n\t\t\t\t<\/div>\n\t\t\t\t<div class=\"elementor-element elementor-element-83d9893 e-transform elementor-widget elementor-widget-image\" data-id=\"83d9893\" data-element_type=\"widget\" data-e-type=\"widget\" data-settings=\"{&quot;_transform_scale_effect&quot;:{&quot;unit&quot;:&quot;px&quot;,&quot;size&quot;:0.4,&quot;sizes&quot;:[]},&quot;_transform_scale_effect_tablet&quot;:{&quot;unit&quot;:&quot;px&quot;,&quot;size&quot;:&quot;&quot;,&quot;sizes&quot;:[]},&quot;_transform_scale_effect_mobile&quot;:{&quot;unit&quot;:&quot;px&quot;,&quot;size&quot;:&quot;&quot;,&quot;sizes&quot;:[]}}\" data-widget_type=\"image.default\">\n\t\t\t\t<div class=\"elementor-widget-container\">\n\t\t\t\t\t\t\t\t\t\t\t\t\t\t\t<img decoding=\"async\" width=\"150\" height=\"150\" src=\"https:\/\/mondilanguages.com\/wp-content\/uploads\/2025\/01\/banderaespanol-150x150.png\" class=\"attachment-thumbnail size-thumbnail wp-image-1017\" alt=\"\" \/>\t\t\t\t\t\t\t\t\t\t\t\t\t\t\t<\/div>\n\t\t\t\t<\/div>\n\t\t\t\t<div class=\"elementor-element elementor-element-a44dff1 elementor-widget elementor-widget-heading\" data-id=\"a44dff1\" data-element_type=\"widget\" data-e-type=\"widget\" data-widget_type=\"heading.default\">\n\t\t\t\t<div class=\"elementor-widget-container\">\n\t\t\t\t\t<h2 class=\"elementor-heading-title elementor-size-default\">LIBROS<\/h2>\t\t\t\t<\/div>\n\t\t\t\t<\/div>\n\t\t\t\t\t<\/div>\n\t\t<\/div>\n\t\t\t\t\t<\/div>\n\t\t<\/section>\n\t\t\t\t<section class=\"elementor-section elementor-top-section elementor-element elementor-element-9214b06 elementor-section-boxed elementor-section-height-default elementor-section-height-default\" data-id=\"9214b06\" data-element_type=\"section\" data-e-type=\"section\">\n\t\t\t\t\t\t<div class=\"elementor-container elementor-column-gap-default\">\n\t\t\t\t\t<div class=\"elementor-column elementor-col-20 elementor-top-column elementor-element elementor-element-a14cafc\" data-id=\"a14cafc\" data-element_type=\"column\" data-e-type=\"column\">\n\t\t\t<div class=\"elementor-widget-wrap elementor-element-populated\">\n\t\t\t\t\t\t<div class=\"elementor-element elementor-element-02d1066 elementor-widget elementor-widget-image\" data-id=\"02d1066\" data-element_type=\"widget\" data-e-type=\"widget\" data-widget_type=\"image.default\">\n\t\t\t\t<div class=\"elementor-widget-container\">\n\t\t\t\t\t\t\t\t\t\t\t\t\t\t\t\t<a href=\"https:\/\/drive.google.com\/file\/d\/13Td92CfDvACjpGyOJnoEsU1eQPeweXk7\/view?usp=sharing\">\n\t\t\t\t\t\t\t<img decoding=\"async\" width=\"677\" height=\"1000\" src=\"https:\/\/mondilanguages.com\/wp-content\/uploads\/2025\/01\/cometaseneelcielo.jpg\" class=\"attachment-large size-large wp-image-1134\" alt=\"\" srcset=\"https:\/\/mondilanguages.com\/wp-content\/uploads\/2025\/01\/cometaseneelcielo.jpg 677w, https:\/\/mondilanguages.com\/wp-content\/uploads\/2025\/01\/cometaseneelcielo-203x300.jpg 203w\" sizes=\"(max-width: 677px) 100vw, 677px\" \/>\t\t\t\t\t\t\t\t<\/a>\n\t\t\t\t\t\t\t\t\t\t\t\t\t\t\t<\/div>\n\t\t\t\t<\/div>\n\t\t\t\t<div class=\"elementor-element elementor-element-d92096f elementor-widget elementor-widget-text-editor\" data-id=\"d92096f\" data-element_type=\"widget\" data-e-type=\"widget\" data-widget_type=\"text-editor.default\">\n\t\t\t\t<div class=\"elementor-widget-container\">\n\t\t\t\t\t\t\t\t\t<p><a href=\"https:\/\/drive.google.com\/file\/d\/13Td92CfDvACjpGyOJnoEsU1eQPeweXk7\/view?usp=sharing\">Cometas en el cielo: Khaled Hosseini<\/a><\/p>\t\t\t\t\t\t\t\t<\/div>\n\t\t\t\t<\/div>\n\t\t\t\t\t<\/div>\n\t\t<\/div>\n\t\t\t\t<div class=\"elementor-column elementor-col-20 elementor-top-column elementor-element elementor-element-698f976\" data-id=\"698f976\" data-element_type=\"column\" data-e-type=\"column\">\n\t\t\t<div class=\"elementor-widget-wrap elementor-element-populated\">\n\t\t\t\t\t\t<div class=\"elementor-element elementor-element-f065188 elementor-widget elementor-widget-image\" data-id=\"f065188\" data-element_type=\"widget\" data-e-type=\"widget\" data-widget_type=\"image.default\">\n\t\t\t\t<div class=\"elementor-widget-container\">\n\t\t\t\t\t\t\t\t\t\t\t\t\t\t\t\t<a href=\"https:\/\/drive.google.com\/file\/d\/1AW3d4BIydw0V3krfOwq8WgNe_ch1NLWP\/view?usp=sharing\">\n\t\t\t\t\t\t\t<img loading=\"lazy\" decoding=\"async\" width=\"664\" height=\"1000\" src=\"https:\/\/mondilanguages.com\/wp-content\/uploads\/2025\/01\/elalquimista.jpg\" class=\"attachment-large size-large wp-image-1141\" alt=\"\" srcset=\"https:\/\/mondilanguages.com\/wp-content\/uploads\/2025\/01\/elalquimista.jpg 664w, https:\/\/mondilanguages.com\/wp-content\/uploads\/2025\/01\/elalquimista-199x300.jpg 199w\" sizes=\"(max-width: 664px) 100vw, 664px\" \/>\t\t\t\t\t\t\t\t<\/a>\n\t\t\t\t\t\t\t\t\t\t\t\t\t\t\t<\/div>\n\t\t\t\t<\/div>\n\t\t\t\t<div class=\"elementor-element elementor-element-b514805 elementor-widget elementor-widget-text-editor\" data-id=\"b514805\" data-element_type=\"widget\" data-e-type=\"widget\" data-widget_type=\"text-editor.default\">\n\t\t\t\t<div class=\"elementor-widget-container\">\n\t\t\t\t\t\t\t\t\t<p><a href=\"https:\/\/drive.google.com\/file\/d\/1AW3d4BIydw0V3krfOwq8WgNe_ch1NLWP\/view?usp=sharing\">El Alquimista: Paulo Coelho<\/a><\/p>\t\t\t\t\t\t\t\t<\/div>\n\t\t\t\t<\/div>\n\t\t\t\t\t<\/div>\n\t\t<\/div>\n\t\t\t\t<div class=\"elementor-column elementor-col-20 elementor-top-column elementor-element elementor-element-cc0efb1\" data-id=\"cc0efb1\" data-element_type=\"column\" data-e-type=\"column\">\n\t\t\t<div class=\"elementor-widget-wrap elementor-element-populated\">\n\t\t\t\t\t\t<div class=\"elementor-element elementor-element-839de7f elementor-widget elementor-widget-image\" data-id=\"839de7f\" data-element_type=\"widget\" data-e-type=\"widget\" data-widget_type=\"image.default\">\n\t\t\t\t<div class=\"elementor-widget-container\">\n\t\t\t\t\t\t\t\t\t\t\t\t\t\t\t\t<a href=\"https:\/\/drive.google.com\/file\/d\/126iEhlDI8GEvADNmWwp0A2YmiBCB_t--\/view?usp=sharing\">\n\t\t\t\t\t\t\t<img loading=\"lazy\" decoding=\"async\" width=\"663\" height=\"1024\" src=\"https:\/\/mondilanguages.com\/wp-content\/uploads\/2025\/01\/labiblioteca-663x1024.jpg\" class=\"attachment-large size-large wp-image-1143\" alt=\"\" srcset=\"https:\/\/mondilanguages.com\/wp-content\/uploads\/2025\/01\/labiblioteca-663x1024.jpg 663w, https:\/\/mondilanguages.com\/wp-content\/uploads\/2025\/01\/labiblioteca-194x300.jpg 194w, https:\/\/mondilanguages.com\/wp-content\/uploads\/2025\/01\/labiblioteca-768x1186.jpg 768w, https:\/\/mondilanguages.com\/wp-content\/uploads\/2025\/01\/labiblioteca-995x1536.jpg 995w, https:\/\/mondilanguages.com\/wp-content\/uploads\/2025\/01\/labiblioteca-1327x2048.jpg 1327w, https:\/\/mondilanguages.com\/wp-content\/uploads\/2025\/01\/labiblioteca-scaled.jpg 1658w\" sizes=\"(max-width: 663px) 100vw, 663px\" \/>\t\t\t\t\t\t\t\t<\/a>\n\t\t\t\t\t\t\t\t\t\t\t\t\t\t\t<\/div>\n\t\t\t\t<\/div>\n\t\t\t\t<div class=\"elementor-element elementor-element-c970250 elementor-widget elementor-widget-text-editor\" data-id=\"c970250\" data-element_type=\"widget\" data-e-type=\"widget\" data-widget_type=\"text-editor.default\">\n\t\t\t\t<div class=\"elementor-widget-container\">\n\t\t\t\t\t\t\t\t\t<p><a href=\"https:\/\/drive.google.com\/file\/d\/126iEhlDI8GEvADNmWwp0A2YmiBCB_t--\/view?usp=sharing\">La Bibliotecaria de Auschwitz: Antonio G. Iturbe<\/a><\/p>\t\t\t\t\t\t\t\t<\/div>\n\t\t\t\t<\/div>\n\t\t\t\t\t<\/div>\n\t\t<\/div>\n\t\t\t\t<div class=\"elementor-column elementor-col-20 elementor-top-column elementor-element elementor-element-4967b20\" data-id=\"4967b20\" data-element_type=\"column\" data-e-type=\"column\">\n\t\t\t<div class=\"elementor-widget-wrap elementor-element-populated\">\n\t\t\t\t\t\t<div class=\"elementor-element elementor-element-99d72e3 elementor-widget elementor-widget-image\" data-id=\"99d72e3\" data-element_type=\"widget\" data-e-type=\"widget\" data-widget_type=\"image.default\">\n\t\t\t\t<div class=\"elementor-widget-container\">\n\t\t\t\t\t\t\t\t\t\t\t\t\t\t\t\t<a href=\"https:\/\/drive.google.com\/file\/d\/1rCr2pVP7Ds5aRTi3hZ79Qr7SR6HJn45A\/view?usp=sharing\">\n\t\t\t\t\t\t\t<img loading=\"lazy\" decoding=\"async\" width=\"229\" height=\"352\" src=\"https:\/\/mondilanguages.com\/wp-content\/uploads\/2025\/01\/la-casa-de-los-espiritus-.jpg\" class=\"attachment-large size-large wp-image-1147\" alt=\"\" srcset=\"https:\/\/mondilanguages.com\/wp-content\/uploads\/2025\/01\/la-casa-de-los-espiritus-.jpg 229w, https:\/\/mondilanguages.com\/wp-content\/uploads\/2025\/01\/la-casa-de-los-espiritus--195x300.jpg 195w\" sizes=\"(max-width: 229px) 100vw, 229px\" \/>\t\t\t\t\t\t\t\t<\/a>\n\t\t\t\t\t\t\t\t\t\t\t\t\t\t\t<\/div>\n\t\t\t\t<\/div>\n\t\t\t\t<div class=\"elementor-element elementor-element-085aefb elementor-widget elementor-widget-text-editor\" data-id=\"085aefb\" data-element_type=\"widget\" data-e-type=\"widget\" data-widget_type=\"text-editor.default\">\n\t\t\t\t<div class=\"elementor-widget-container\">\n\t\t\t\t\t\t\t\t\t<p><a href=\"https:\/\/drive.google.com\/file\/d\/1rCr2pVP7Ds5aRTi3hZ79Qr7SR6HJn45A\/view?usp=sharing\">La Casa de los Esp\u00edritus: Isabel Allende<\/a><\/p>\t\t\t\t\t\t\t\t<\/div>\n\t\t\t\t<\/div>\n\t\t\t\t\t<\/div>\n\t\t<\/div>\n\t\t\t\t<div class=\"elementor-column elementor-col-20 elementor-top-column elementor-element elementor-element-74ff67c\" data-id=\"74ff67c\" data-element_type=\"column\" data-e-type=\"column\">\n\t\t\t<div class=\"elementor-widget-wrap elementor-element-populated\">\n\t\t\t\t\t\t<div class=\"elementor-element elementor-element-3b52228 elementor-widget elementor-widget-image\" data-id=\"3b52228\" data-element_type=\"widget\" data-e-type=\"widget\" data-widget_type=\"image.default\">\n\t\t\t\t<div class=\"elementor-widget-container\">\n\t\t\t\t\t\t\t\t\t\t\t\t\t\t\t\t<a href=\"https:\/\/drive.google.com\/file\/d\/1tuK8503hjyB_fMll2w8B6QRT4AppkmvO\/view?usp=sharing\">\n\t\t\t\t\t\t\t<img loading=\"lazy\" decoding=\"async\" width=\"647\" height=\"1000\" src=\"https:\/\/mondilanguages.com\/wp-content\/uploads\/2025\/01\/isabelallende.jpg\" class=\"attachment-large size-large wp-image-1154\" alt=\"\" srcset=\"https:\/\/mondilanguages.com\/wp-content\/uploads\/2025\/01\/isabelallende.jpg 647w, https:\/\/mondilanguages.com\/wp-content\/uploads\/2025\/01\/isabelallende-194x300.jpg 194w\" sizes=\"(max-width: 647px) 100vw, 647px\" \/>\t\t\t\t\t\t\t\t<\/a>\n\t\t\t\t\t\t\t\t\t\t\t\t\t\t\t<\/div>\n\t\t\t\t<\/div>\n\t\t\t\t<div class=\"elementor-element elementor-element-9fae7ba elementor-widget elementor-widget-text-editor\" data-id=\"9fae7ba\" data-element_type=\"widget\" data-e-type=\"widget\" data-widget_type=\"text-editor.default\">\n\t\t\t\t<div class=\"elementor-widget-container\">\n\t\t\t\t\t\t\t\t\t<p><a href=\"https:\/\/drive.google.com\/file\/d\/1tuK8503hjyB_fMll2w8B6QRT4AppkmvO\/view?usp=sharing\" data-wplink-edit=\"true\">Violeta: Isabel Allende<\/a><\/p>\t\t\t\t\t\t\t\t<\/div>\n\t\t\t\t<\/div>\n\t\t\t\t\t<\/div>\n\t\t<\/div>\n\t\t\t\t\t<\/div>\n\t\t<\/section>\n\t\t\t\t<section class=\"elementor-section elementor-top-section elementor-element elementor-element-e0ac954 elementor-section-boxed elementor-section-height-default elementor-section-height-default\" data-id=\"e0ac954\" data-element_type=\"section\" data-e-type=\"section\">\n\t\t\t\t\t\t<div class=\"elementor-container elementor-column-gap-default\">\n\t\t\t\t\t<div class=\"elementor-column elementor-col-25 elementor-top-column elementor-element elementor-element-06019b0\" data-id=\"06019b0\" data-element_type=\"column\" data-e-type=\"column\">\n\t\t\t<div class=\"elementor-widget-wrap\">\n\t\t\t\t\t\t\t<\/div>\n\t\t<\/div>\n\t\t\t\t<div class=\"elementor-column elementor-col-25 elementor-top-column elementor-element elementor-element-5b0013f\" data-id=\"5b0013f\" data-element_type=\"column\" data-e-type=\"column\">\n\t\t\t<div class=\"elementor-widget-wrap elementor-element-populated\">\n\t\t\t\t\t\t<div class=\"elementor-element elementor-element-04e9133 elementor-widget elementor-widget-image\" data-id=\"04e9133\" data-element_type=\"widget\" data-e-type=\"widget\" data-widget_type=\"image.default\">\n\t\t\t\t<div class=\"elementor-widget-container\">\n\t\t\t\t\t\t\t\t\t\t\t\t\t\t\t\t<a href=\"https:\/\/drive.google.com\/file\/d\/1g9cURUHQZktD1Z8CrLtcmez0zi3wGDV_\/view?usp=sharing\">\n\t\t\t\t\t\t\t<img loading=\"lazy\" decoding=\"async\" width=\"250\" height=\"382\" src=\"https:\/\/mondilanguages.com\/wp-content\/uploads\/2025\/01\/save-me-.jpg\" class=\"attachment-large size-large wp-image-1226\" alt=\"\" srcset=\"https:\/\/mondilanguages.com\/wp-content\/uploads\/2025\/01\/save-me-.jpg 250w, https:\/\/mondilanguages.com\/wp-content\/uploads\/2025\/01\/save-me--196x300.jpg 196w\" sizes=\"(max-width: 250px) 100vw, 250px\" \/>\t\t\t\t\t\t\t\t<\/a>\n\t\t\t\t\t\t\t\t\t\t\t\t\t\t\t<\/div>\n\t\t\t\t<\/div>\n\t\t\t\t<div class=\"elementor-element elementor-element-b02033d elementor-widget elementor-widget-text-editor\" data-id=\"b02033d\" data-element_type=\"widget\" data-e-type=\"widget\" data-widget_type=\"text-editor.default\">\n\t\t\t\t<div class=\"elementor-widget-container\">\n\t\t\t\t\t\t\t\t\t<p><a href=\"https:\/\/drive.google.com\/file\/d\/1g9cURUHQZktD1Z8CrLtcmez0zi3wGDV_\/view?usp=sharing\">Save Me, S\u00f3lo un Beso Puede Salvarme: Mona Kasten<\/a><\/p>\t\t\t\t\t\t\t\t<\/div>\n\t\t\t\t<\/div>\n\t\t\t\t\t<\/div>\n\t\t<\/div>\n\t\t\t\t<div class=\"elementor-column elementor-col-25 elementor-top-column elementor-element elementor-element-bff2d21\" data-id=\"bff2d21\" data-element_type=\"column\" data-e-type=\"column\">\n\t\t\t<div class=\"elementor-widget-wrap elementor-element-populated\">\n\t\t\t\t\t\t<div class=\"elementor-element elementor-element-e9560bc elementor-widget elementor-widget-image\" data-id=\"e9560bc\" data-element_type=\"widget\" data-e-type=\"widget\" data-widget_type=\"image.default\">\n\t\t\t\t<div class=\"elementor-widget-container\">\n\t\t\t\t\t\t\t\t\t\t\t\t\t\t\t\t<a href=\"https:\/\/drive.google.com\/file\/d\/1LpgbzedvHv9GMGWip_eGKbhod755maSE\/view?usp=sharing\">\n\t\t\t\t\t\t\t<img loading=\"lazy\" decoding=\"async\" width=\"250\" height=\"382\" src=\"https:\/\/mondilanguages.com\/wp-content\/uploads\/2025\/01\/save-us-.jpg\" class=\"attachment-large size-large wp-image-1230\" alt=\"\" srcset=\"https:\/\/mondilanguages.com\/wp-content\/uploads\/2025\/01\/save-us-.jpg 250w, https:\/\/mondilanguages.com\/wp-content\/uploads\/2025\/01\/save-us--196x300.jpg 196w\" sizes=\"(max-width: 250px) 100vw, 250px\" \/>\t\t\t\t\t\t\t\t<\/a>\n\t\t\t\t\t\t\t\t\t\t\t\t\t\t\t<\/div>\n\t\t\t\t<\/div>\n\t\t\t\t<div class=\"elementor-element elementor-element-60339a6 elementor-widget elementor-widget-text-editor\" data-id=\"60339a6\" data-element_type=\"widget\" data-e-type=\"widget\" data-widget_type=\"text-editor.default\">\n\t\t\t\t<div class=\"elementor-widget-container\">\n\t\t\t\t\t\t\t\t\t<p><a href=\"https:\/\/drive.google.com\/file\/d\/1LpgbzedvHv9GMGWip_eGKbhod755maSE\/view?usp=sharing\">Save Us, S\u00f3lo el Amor Puede Salvarnos: Mona Kasten<\/a><\/p>\t\t\t\t\t\t\t\t<\/div>\n\t\t\t\t<\/div>\n\t\t\t\t\t<\/div>\n\t\t<\/div>\n\t\t\t\t<div class=\"elementor-column elementor-col-25 elementor-top-column elementor-element elementor-element-7cf561e\" data-id=\"7cf561e\" data-element_type=\"column\" data-e-type=\"column\">\n\t\t\t<div class=\"elementor-widget-wrap\">\n\t\t\t\t\t\t\t<\/div>\n\t\t<\/div>\n\t\t\t\t\t<\/div>\n\t\t<\/section>\n\t\t\t\t<section class=\"elementor-section elementor-top-section elementor-element elementor-element-b8d2524 elementor-section-boxed elementor-section-height-default elementor-section-height-default\" data-id=\"b8d2524\" data-element_type=\"section\" data-e-type=\"section\">\n\t\t\t\t\t\t<div class=\"elementor-container elementor-column-gap-default\">\n\t\t\t\t\t<div class=\"elementor-column elementor-col-100 elementor-top-column elementor-element elementor-element-9e4e341\" data-id=\"9e4e341\" data-element_type=\"column\" data-e-type=\"column\">\n\t\t\t<div class=\"elementor-widget-wrap elementor-element-populated\">\n\t\t\t\t\t\t<div class=\"elementor-element elementor-element-4a08ced elementor-widget elementor-widget-heading\" data-id=\"4a08ced\" data-element_type=\"widget\" data-e-type=\"widget\" data-widget_type=\"heading.default\">\n\t\t\t\t<div class=\"elementor-widget-container\">\n\t\t\t\t\t<h2 class=\"elementor-heading-title elementor-size-default\">APRENDE CON M\u00daSICA<\/h2>\t\t\t\t<\/div>\n\t\t\t\t<\/div>\n\t\t\t\t\t<\/div>\n\t\t<\/div>\n\t\t\t\t\t<\/div>\n\t\t<\/section>\n\t\t\t\t<section class=\"elementor-section elementor-top-section elementor-element elementor-element-ea72048 elementor-section-boxed elementor-section-height-default elementor-section-height-default\" data-id=\"ea72048\" data-element_type=\"section\" data-e-type=\"section\">\n\t\t\t\t\t\t<div class=\"elementor-container elementor-column-gap-default\">\n\t\t\t\t\t<div class=\"elementor-column elementor-col-100 elementor-top-column elementor-element elementor-element-d120df3\" data-id=\"d120df3\" data-element_type=\"column\" data-e-type=\"column\">\n\t\t\t<div class=\"elementor-widget-wrap elementor-element-populated\">\n\t\t\t\t\t\t<div class=\"elementor-element elementor-element-65068e5 elementor-widget elementor-widget-html\" data-id=\"65068e5\" data-element_type=\"widget\" data-e-type=\"widget\" data-widget_type=\"html.default\">\n\t\t\t\t<div class=\"elementor-widget-container\">\n\t\t\t\t\t<iframe style=\"border-radius:12px\" src=\"https:\/\/open.spotify.com\/embed\/playlist\/5OfzaxaHNfYhnntsrT9zVo?utm_source=generator\" width=\"100%\" height=\"352\" frameBorder=\"0\" allowfullscreen=\"\" allow=\"autoplay; clipboard-write; encrypted-media; fullscreen; picture-in-picture\" loading=\"lazy\"><\/iframe>\t\t\t\t<\/div>\n\t\t\t\t<\/div>\n\t\t\t\t\t<\/div>\n\t\t<\/div>\n\t\t\t\t\t<\/div>\n\t\t<\/section>\n\t\t\t\t<section class=\"elementor-section elementor-top-section elementor-element elementor-element-ebe8c8d elementor-section-boxed elementor-section-height-default elementor-section-height-default\" data-id=\"ebe8c8d\" data-element_type=\"section\" data-e-type=\"section\">\n\t\t\t\t\t\t<div class=\"elementor-container elementor-column-gap-default\">\n\t\t\t\t\t<div class=\"elementor-column elementor-col-100 elementor-top-column elementor-element elementor-element-82b36d6\" data-id=\"82b36d6\" data-element_type=\"column\" data-e-type=\"column\">\n\t\t\t<div class=\"elementor-widget-wrap elementor-element-populated\">\n\t\t\t\t\t\t<div class=\"elementor-element elementor-element-617d4c8 elementor-align-center elementor-mobile-align-center e-transform elementor-widget elementor-widget-button\" data-id=\"617d4c8\" data-element_type=\"widget\" data-e-type=\"widget\" data-settings=\"{&quot;_transform_scale_effect_mobile&quot;:{&quot;unit&quot;:&quot;px&quot;,&quot;size&quot;:0.6,&quot;sizes&quot;:[]},&quot;_transform_scale_effect&quot;:{&quot;unit&quot;:&quot;px&quot;,&quot;size&quot;:&quot;&quot;,&quot;sizes&quot;:[]},&quot;_transform_scale_effect_tablet&quot;:{&quot;unit&quot;:&quot;px&quot;,&quot;size&quot;:&quot;&quot;,&quot;sizes&quot;:[]}}\" data-widget_type=\"button.default\">\n\t\t\t\t<div class=\"elementor-widget-container\">\n\t\t\t\t\t\t\t\t\t<div class=\"elementor-button-wrapper\">\n\t\t\t\t\t<a class=\"elementor-button elementor-button-link elementor-size-sm\" href=\"https:\/\/calendly.com\/mondi-languages\/30min\" target=\"_blank\">\n\t\t\t\t\t\t<span class=\"elementor-button-content-wrapper\">\n\t\t\t\t\t\t\t\t\t<span class=\"elementor-button-text\">RESERVA UNA ASESOR\u00cdA GRATUITA<\/span>\n\t\t\t\t\t<\/span>\n\t\t\t\t\t<\/a>\n\t\t\t\t<\/div>\n\t\t\t\t\t\t\t\t<\/div>\n\t\t\t\t<\/div>\n\t\t\t\t\t<\/div>\n\t\t<\/div>\n\t\t\t\t\t<\/div>\n\t\t<\/section>\n\t\t\t\t<\/div>\n\t\t","protected":false},"excerpt":{"rendered":"<p>LIBROS Cometas en el cielo: Khaled Hosseini El Alquimista: Paulo Coelho La Bibliotecaria de Auschwitz: Antonio G. Iturbe La Casa de los Esp\u00edritus: Isabel Allende Violeta: Isabel Allende Save Me, S\u00f3lo un Beso Puede Salvarme: Mona Kasten Save Us, S\u00f3lo el Amor Puede Salvarnos: Mona Kasten APRENDE CON M\u00daSICA RESERVA UNA ASESOR\u00cdA GRATUITA<\/p>\n","protected":false},"author":1,"featured_media":0,"parent":0,"menu_order":0,"comment_status":"closed","ping_status":"closed","template":"","meta":{"om_disable_all_campaigns":false,"_monsterinsights_skip_tracking":false,"_monsterinsights_sitenote_active":false,"_monsterinsights_sitenote_note":"","_monsterinsights_sitenote_category":0,"footnotes":""},"class_list":["post-1127","page","type-page","status-publish","hentry"],"blocksy_meta":[],"aioseo_notices":[],"_links":{"self":[{"href":"https:\/\/mondilanguages.com\/index.php?rest_route=\/wp\/v2\/pages\/1127","targetHints":{"allow":["GET"]}}],"collection":[{"href":"https:\/\/mondilanguages.com\/index.php?rest_route=\/wp\/v2\/pages"}],"about":[{"href":"https:\/\/mondilanguages.com\/index.php?rest_route=\/wp\/v2\/types\/page"}],"author":[{"embeddable":true,"href":"https:\/\/mondilanguages.com\/index.php?rest_route=\/wp\/v2\/users\/1"}],"replies":[{"embeddable":true,"href":"https:\/\/mondilanguages.com\/index.php?rest_route=%2Fwp%2Fv2%2Fcomments&post=1127"}],"version-history":[{"count":34,"href":"https:\/\/mondilanguages.com\/index.php?rest_route=\/wp\/v2\/pages\/1127\/revisions"}],"predecessor-version":[{"id":1880,"href":"https:\/\/mondilanguages.com\/index.php?rest_route=\/wp\/v2\/pages\/1127\/revisions\/1880"}],"wp:attachment":[{"href":"https:\/\/mondilanguages.com\/index.php?rest_route=%2Fwp%2Fv2%2Fmedia&parent=1127"}],"curies":[{"name":"wp","href":"https:\/\/api.w.org\/{rel}","templated":true}]}}